{"id":261,"date":"2026-04-26T01:31:38","date_gmt":"2026-04-26T04:31:38","guid":{"rendered":"https:\/\/www.sistemametra.com.br\/blog\/?page_id=261"},"modified":"2026-04-28T16:53:16","modified_gmt":"2026-04-28T19:53:16","slug":"elementor-261","status":"publish","type":"page","link":"https:\/\/www.sistemametra.com.br\/blog\/elementor-261\/","title":{"rendered":"Termos de Uso"},"content":{"rendered":"\t\t<div data-elementor-type=\"wp-page\" data-elementor-id=\"261\" class=\"elementor elementor-261\" data-elementor-post-type=\"page\">\n\t\t\t\t<div class=\"elementor-element elementor-element-5ff0ff0 e-flex e-con-boxed e-con e-parent\" data-id=\"5ff0ff0\" data-element_type=\"container\" data-e-type=\"container\">\n\t\t\t\t\t<div class=\"e-con-inner\">\n\t\t\t\t\t\t\t<h2 \n\t\tdata-interaction-id=\"c8403c4\" \n\t\tclass=\"e-c8403c4-6120207 e-heading-base\" \n\t\t \n\t\tdata-e-type=\"widget\" data-id=\"c8403c4\"\n\t>\n\t\n\t\t\tTermos de Uso\n\t\t<\/h2>\n\t\t\t\t\t<\/div>\n\t\t\t\t<\/div>\n\t\t<div class=\"elementor-element elementor-element-b74d4c4 e-flex e-con-boxed e-con e-parent\" data-id=\"b74d4c4\" data-element_type=\"container\" data-e-type=\"container\">\n\t\t\t\t\t<div class=\"e-con-inner\">\n\t\t\t\t<div class=\"elementor-element elementor-element-8e91031 elementor-widget elementor-widget-text-editor\" data-id=\"8e91031\" data-element_type=\"widget\" data-e-type=\"widget\" data-widget_type=\"text-editor.default\">\n\t\t\t\t\t\t\t\t\t<h1>Bem-vindo (a) ao site do Sistema METRA!<\/h1><p>Ao acessar ou utilizar nosso site, voc\u00ea confirma que leu, compreendeu e concorda com estes Termos de Uso, bem como com nossa Pol\u00edtica de Privacidade. Juntos, esses documentos estabelecem as regras e diretrizes que regem sua intera\u00e7\u00e3o conosco e o uso de nossos servi\u00e7os.<\/p><p>Leia atentamente todas as informa\u00e7\u00f5es contidas nestes Termos antes de prosseguir. Caso n\u00e3o concorde com qualquer parte deste documento, recomendamos que n\u00e3o utilize nosso site.<\/p><h2>Servi\u00e7os<\/h2><p>Este site cont\u00e9m informa\u00e7\u00f5es sobre o SISTEMA METRA, software especializado na Gest\u00e3o SST, eSocial e Controle Financeiro, com campos espec\u00edficos para que os usu\u00e1rios solicitem informa\u00e7\u00f5es sobre o software, preenchendo um formul\u00e1rio com os seguintes dados pessoais:<\/p><ul><li>Nome;<\/li><li>Endere\u00e7o de e-mail;<\/li><li>N\u00famero de telefone.<\/li><\/ul><p>Ao fornecer essas informa\u00e7\u00f5es, voc\u00ea concorda que elas ser\u00e3o utilizadas conforme descrito em nossa Pol\u00edtica de Privacidade.<\/p><h2>Responsabilidades do Usu\u00e1rio<\/h2><p>Ao utilizar o site, voc\u00ea concorda em:<\/p><ul><li>Fornecer informa\u00e7\u00f5es precisas, completas e atualizadas ao preencher o formul\u00e1rio;<\/li><li>N\u00e3o utilizar o site para fins ilegais, fraudulentos ou que violem estes Termos;<\/li><li>N\u00e3o acessar \u00e1reas restritas do site ou interferir em sua opera\u00e7\u00e3o;<\/li><li>Respeitar todas as leis e regulamentos aplic\u00e1veis durante o uso do site.<\/li><\/ul><h2>Uso dos Dados Pessoais<\/h2><p>Ao preencher o formul\u00e1rio e fornecer seus dados pessoais (nome, e-mail e telefone), voc\u00ea concorda que essas informa\u00e7\u00f5es ser\u00e3o utilizadas para:<\/p><ul><li>Enviar as informa\u00e7\u00f5es solicitadas sobre o software;<\/li><li>Entrar em contato para esclarecer d\u00favidas ou fornecer suporte relacionado ao software;<\/li><li>Enviar comunica\u00e7\u00f5es sobre atualiza\u00e7\u00f5es, novidades ou promo\u00e7\u00f5es, caso voc\u00ea tenha optado por receb\u00ea-las.<\/li><\/ul><p>Para mais detalhes sobre como tratamos seus dados pessoais, consulte nossa pol\u00edtica de privacidade.<\/p><h2>Propriedade Intelectual<\/h2><p>Todo o conte\u00fado dispon\u00edvel no site, incluindo textos, imagens, logotipos, designs, software e outros materiais, s\u00e3o de nossa propriedade ou de seus licenciadores e est\u00e3o protegidos por leis de propriedade intelectual. Voc\u00ea n\u00e3o tem permiss\u00e3o para copiar, reproduzir, distribuir ou utilizar esse conte\u00fado sem autoriza\u00e7\u00e3o pr\u00e9via por escrito.<\/p><h2>Limita\u00e7\u00e3o de Responsabilidade<\/h2><p>O site do SISTEMA METRA \u00e9 fornecido &#8220;no estado em que se encontra&#8221;, sem garantias de qualquer tipo, expressas ou impl\u00edcitas. N\u00e3o nos responsabilizamos por:<\/p><ul><li>Danos diretos, indiretos, incidentais ou consequenciais resultantes do uso ou incapacidade de uso do site;<\/li><li>Interrup\u00e7\u00f5es, erros ou indisponibilidade do site;<\/li><li>Conte\u00fados ou a\u00e7\u00f5es de terceiros vinculados ao site.<\/li><\/ul><h2>Altera\u00e7\u00f5es nos Termos de Uso<\/h2><p>Reservamo-nos o direito de modificar ou atualizar estes Termos de Uso a qualquer momento, conforme necess\u00e1rio. Todas as altera\u00e7\u00f5es ser\u00e3o publicadas nesta p\u00e1gina, com a indica\u00e7\u00e3o da data da \u00faltima atualiza\u00e7\u00e3o, para que voc\u00ea tenha sempre acesso \u00e0 vers\u00e3o mais recente. Recomendamos que voc\u00ea revise estes Termos periodicamente, a fim de se manter informado sobre eventuais mudan\u00e7as.<\/p><p>Para garantir transpar\u00eancia, notificaremos os usu\u00e1rios sobre altera\u00e7\u00f5es significativas, quando aplic\u00e1vel, por meio de comunica\u00e7\u00f5es diretas ou avisos destacados em nosso site.<\/p><h2>Vig\u00eancia e Rescis\u00e3o<\/h2><p>O Termo de Uso e a Pol\u00edtica de Privacidade ser\u00e3o v\u00e1lidos por prazo indeterminado, a partir de seu aceite, podendo ser rescindidos unilateralmente a qualquer tempo, sem qualquer \u00f4nus, mediante simples comunica\u00e7\u00e3o por meio do pr\u00f3prio site ou de mensagem para o e-mail indicado pelo Usu\u00e1rio quando da realiza\u00e7\u00e3o de seu cadastro.<\/p><h2>Lei Aplic\u00e1vel e Jurisdi\u00e7\u00e3o<\/h2><p>Este Termo de Uso ser\u00e1 interpretado exclusivamente segundo as leis do Brasil. As partes elegem o Foro da Comarca de Po\u00e7os de Caldas, Estado de Minas Gerais, como o \u00fanico competente para dirimir qualquer lit\u00edgio resultante deste Contrato.<\/p><h2>Contato<\/h2><p>Se voc\u00ea tiver d\u00favidas, preocupa\u00e7\u00f5es ou precisar de suporte em rela\u00e7\u00e3o a estes Termos de Uso, entre em contato conosco atrav\u00e9s do e-mail: <a href=\"mailto:juridico@soitic.com\">juridico@soitic.com<\/a>.<\/p>\t\t\t\t\t\t\t\t<\/div>\n\t\t\t\t\t<\/div>\n\t\t\t\t<\/div>\n\t\t\t\t<\/div>\n\t\t","protected":false},"excerpt":{"rendered":"<p>Termos de Uso Bem-vindo (a) ao site do Sistema METRA! Ao acessar ou utilizar nosso site, voc\u00ea confirma que leu, compreendeu e concorda com estes Termos de Uso, bem como com nossa Pol\u00edtica de Privacidade. Juntos, esses documentos estabelecem as regras e diretrizes que regem sua intera\u00e7\u00e3o conosco e o uso de nossos servi\u00e7os. Leia [&hellip;]<\/p>\n","protected":false},"author":1,"featured_media":0,"parent":0,"menu_order":0,"comment_status":"closed","ping_status":"closed","template":"elementor_header_footer","meta":{"footnotes":""},"class_list":["post-261","page","type-page","status-publish","hentry"],"yoast_head":"<!-- This site is optimized with the Yoast SEO plugin v27.5 - https:\/\/yoast.com\/product\/yoast-seo-wordpress\/ -->\n<title>Termos de Uso<\/title>\n<meta name=\"robots\" content=\"index, follow, max-snippet:-1, max-image-preview:large, max-video-preview:-1\" \/>\n<link rel=\"canonical\" href=\"https:\/\/www.sistemametra.com.br\/blog\/elementor-261\/\" \/>\n<meta property=\"og:locale\" content=\"pt_BR\" \/>\n<meta property=\"og:type\" content=\"article\" \/>\n<meta property=\"og:title\" content=\"Termos de Uso\" \/>\n<meta property=\"og:description\" content=\"Termos de Uso Bem-vindo (a) ao site do Sistema METRA! Ao acessar ou utilizar nosso site, voc\u00ea confirma que leu, compreendeu e concorda com estes Termos de Uso, bem como com nossa Pol\u00edtica de Privacidade. Juntos, esses documentos estabelecem as regras e diretrizes que regem sua intera\u00e7\u00e3o conosco e o uso de nossos servi\u00e7os. Leia [&hellip;]\" \/>\n<meta property=\"og:url\" content=\"https:\/\/www.sistemametra.com.br\/blog\/elementor-261\/\" \/>\n<meta property=\"og:site_name\" content=\"Blog Metra\" \/>\n<meta property=\"article:publisher\" content=\"https:\/\/www.facebook.com\/metraweb\" \/>\n<meta property=\"article:modified_time\" content=\"2026-04-28T19:53:16+00:00\" \/>\n<meta name=\"twitter:card\" content=\"summary_large_image\" \/>\n<meta name=\"twitter:label1\" content=\"Est. tempo de leitura\" \/>\n\t<meta name=\"twitter:data1\" content=\"4 minutos\" \/>\n<script type=\"application\/ld+json\" class=\"yoast-schema-graph\">{\"@context\":\"https:\\\/\\\/schema.org\",\"@graph\":[{\"@type\":\"WebPage\",\"@id\":\"https:\\\/\\\/www.sistemametra.com.br\\\/blog\\\/elementor-261\\\/\",\"url\":\"https:\\\/\\\/www.sistemametra.com.br\\\/blog\\\/elementor-261\\\/\",\"name\":\"Termos de Uso\",\"isPartOf\":{\"@id\":\"https:\\\/\\\/www.sistemametra.com.br\\\/blog\\\/#website\"},\"datePublished\":\"2026-04-26T04:31:38+00:00\",\"dateModified\":\"2026-04-28T19:53:16+00:00\",\"breadcrumb\":{\"@id\":\"https:\\\/\\\/www.sistemametra.com.br\\\/blog\\\/elementor-261\\\/#breadcrumb\"},\"inLanguage\":\"pt-BR\",\"potentialAction\":[{\"@type\":\"ReadAction\",\"target\":[\"https:\\\/\\\/www.sistemametra.com.br\\\/blog\\\/elementor-261\\\/\"]}]},{\"@type\":\"BreadcrumbList\",\"@id\":\"https:\\\/\\\/www.sistemametra.com.br\\\/blog\\\/elementor-261\\\/#breadcrumb\",\"itemListElement\":[{\"@type\":\"ListItem\",\"position\":1,\"name\":\"In\u00edcio\",\"item\":\"https:\\\/\\\/www.sistemametra.com.br\\\/blog\\\/\"},{\"@type\":\"ListItem\",\"position\":2,\"name\":\"Termos de Uso\"}]},{\"@type\":\"WebSite\",\"@id\":\"https:\\\/\\\/www.sistemametra.com.br\\\/blog\\\/#website\",\"url\":\"https:\\\/\\\/www.sistemametra.com.br\\\/blog\\\/\",\"name\":\"Blog Metra\",\"description\":\"Conte\u00fado pr\u00e1tico sobre Sa\u00fade e Seguran\u00e7a do Trabalho: normas, documentos e obriga\u00e7\u00f5es explicados de forma direta para profissionais e empresas.\",\"publisher\":{\"@id\":\"https:\\\/\\\/www.sistemametra.com.br\\\/blog\\\/#organization\"},\"alternateName\":\"Sistema Metra\",\"potentialAction\":[{\"@type\":\"SearchAction\",\"target\":{\"@type\":\"EntryPoint\",\"urlTemplate\":\"https:\\\/\\\/www.sistemametra.com.br\\\/blog\\\/?s={search_term_string}\"},\"query-input\":{\"@type\":\"PropertyValueSpecification\",\"valueRequired\":true,\"valueName\":\"search_term_string\"}}],\"inLanguage\":\"pt-BR\"},{\"@type\":\"Organization\",\"@id\":\"https:\\\/\\\/www.sistemametra.com.br\\\/blog\\\/#organization\",\"name\":\"Sistema Metra\",\"url\":\"https:\\\/\\\/www.sistemametra.com.br\\\/blog\\\/\",\"logo\":{\"@type\":\"ImageObject\",\"inLanguage\":\"pt-BR\",\"@id\":\"https:\\\/\\\/www.sistemametra.com.br\\\/blog\\\/#\\\/schema\\\/logo\\\/image\\\/\",\"url\":\"https:\\\/\\\/www.sistemametra.com.br\\\/blog\\\/wp-content\\\/uploads\\\/2026\\\/04\\\/blog-metra.webp\",\"contentUrl\":\"https:\\\/\\\/www.sistemametra.com.br\\\/blog\\\/wp-content\\\/uploads\\\/2026\\\/04\\\/blog-metra.webp\",\"width\":800,\"height\":800,\"caption\":\"Sistema Metra\"},\"image\":{\"@id\":\"https:\\\/\\\/www.sistemametra.com.br\\\/blog\\\/#\\\/schema\\\/logo\\\/image\\\/\"},\"sameAs\":[\"https:\\\/\\\/www.facebook.com\\\/metraweb\",\"https:\\\/\\\/www.linkedin.com\\\/company\\\/metra-web\\\/?viewAsMember=true\",\"https:\\\/\\\/www.youtube.com\\\/@SistemaMetra\"]}]}<\/script>\n<!-- \/ Yoast SEO plugin. -->","yoast_head_json":{"title":"Termos de Uso","robots":{"index":"index","follow":"follow","max-snippet":"max-snippet:-1","max-image-preview":"max-image-preview:large","max-video-preview":"max-video-preview:-1"},"canonical":"https:\/\/www.sistemametra.com.br\/blog\/elementor-261\/","og_locale":"pt_BR","og_type":"article","og_title":"Termos de Uso","og_description":"Termos de Uso Bem-vindo (a) ao site do Sistema METRA! Ao acessar ou utilizar nosso site, voc\u00ea confirma que leu, compreendeu e concorda com estes Termos de Uso, bem como com nossa Pol\u00edtica de Privacidade. Juntos, esses documentos estabelecem as regras e diretrizes que regem sua intera\u00e7\u00e3o conosco e o uso de nossos servi\u00e7os. Leia [&hellip;]","og_url":"https:\/\/www.sistemametra.com.br\/blog\/elementor-261\/","og_site_name":"Blog Metra","article_publisher":"https:\/\/www.facebook.com\/metraweb","article_modified_time":"2026-04-28T19:53:16+00:00","twitter_card":"summary_large_image","twitter_misc":{"Est. tempo de leitura":"4 minutos"},"schema":{"@context":"https:\/\/schema.org","@graph":[{"@type":"WebPage","@id":"https:\/\/www.sistemametra.com.br\/blog\/elementor-261\/","url":"https:\/\/www.sistemametra.com.br\/blog\/elementor-261\/","name":"Termos de Uso","isPartOf":{"@id":"https:\/\/www.sistemametra.com.br\/blog\/#website"},"datePublished":"2026-04-26T04:31:38+00:00","dateModified":"2026-04-28T19:53:16+00:00","breadcrumb":{"@id":"https:\/\/www.sistemametra.com.br\/blog\/elementor-261\/#breadcrumb"},"inLanguage":"pt-BR","potentialAction":[{"@type":"ReadAction","target":["https:\/\/www.sistemametra.com.br\/blog\/elementor-261\/"]}]},{"@type":"BreadcrumbList","@id":"https:\/\/www.sistemametra.com.br\/blog\/elementor-261\/#breadcrumb","itemListElement":[{"@type":"ListItem","position":1,"name":"In\u00edcio","item":"https:\/\/www.sistemametra.com.br\/blog\/"},{"@type":"ListItem","position":2,"name":"Termos de Uso"}]},{"@type":"WebSite","@id":"https:\/\/www.sistemametra.com.br\/blog\/#website","url":"https:\/\/www.sistemametra.com.br\/blog\/","name":"Blog Metra","description":"Conte\u00fado pr\u00e1tico sobre Sa\u00fade e Seguran\u00e7a do Trabalho: normas, documentos e obriga\u00e7\u00f5es explicados de forma direta para profissionais e empresas.","publisher":{"@id":"https:\/\/www.sistemametra.com.br\/blog\/#organization"},"alternateName":"Sistema Metra","potentialAction":[{"@type":"SearchAction","target":{"@type":"EntryPoint","urlTemplate":"https:\/\/www.sistemametra.com.br\/blog\/?s={search_term_string}"},"query-input":{"@type":"PropertyValueSpecification","valueRequired":true,"valueName":"search_term_string"}}],"inLanguage":"pt-BR"},{"@type":"Organization","@id":"https:\/\/www.sistemametra.com.br\/blog\/#organization","name":"Sistema Metra","url":"https:\/\/www.sistemametra.com.br\/blog\/","logo":{"@type":"ImageObject","inLanguage":"pt-BR","@id":"https:\/\/www.sistemametra.com.br\/blog\/#\/schema\/logo\/image\/","url":"https:\/\/www.sistemametra.com.br\/blog\/wp-content\/uploads\/2026\/04\/blog-metra.webp","contentUrl":"https:\/\/www.sistemametra.com.br\/blog\/wp-content\/uploads\/2026\/04\/blog-metra.webp","width":800,"height":800,"caption":"Sistema Metra"},"image":{"@id":"https:\/\/www.sistemametra.com.br\/blog\/#\/schema\/logo\/image\/"},"sameAs":["https:\/\/www.facebook.com\/metraweb","https:\/\/www.linkedin.com\/company\/metra-web\/?viewAsMember=true","https:\/\/www.youtube.com\/@SistemaMetra"]}]}},"_links":{"self":[{"href":"https:\/\/www.sistemametra.com.br\/blog\/wp-json\/wp\/v2\/pages\/261","targetHints":{"allow":["GET"]}}],"collection":[{"href":"https:\/\/www.sistemametra.com.br\/blog\/wp-json\/wp\/v2\/pages"}],"about":[{"href":"https:\/\/www.sistemametra.com.br\/blog\/wp-json\/wp\/v2\/types\/page"}],"author":[{"embeddable":true,"href":"https:\/\/www.sistemametra.com.br\/blog\/wp-json\/wp\/v2\/users\/1"}],"replies":[{"embeddable":true,"href":"https:\/\/www.sistemametra.com.br\/blog\/wp-json\/wp\/v2\/comments?post=261"}],"version-history":[{"count":13,"href":"https:\/\/www.sistemametra.com.br\/blog\/wp-json\/wp\/v2\/pages\/261\/revisions"}],"predecessor-version":[{"id":283,"href":"https:\/\/www.sistemametra.com.br\/blog\/wp-json\/wp\/v2\/pages\/261\/revisions\/283"}],"wp:attachment":[{"href":"https:\/\/www.sistemametra.com.br\/blog\/wp-json\/wp\/v2\/media?parent=261"}],"curies":[{"name":"wp","href":"https:\/\/api.w.org\/{rel}","templated":true}]}}